{"id":727,"date":"2023-06-08T22:54:41","date_gmt":"2023-06-08T22:54:41","guid":{"rendered":"https:\/\/tipoink.com\/invictus\/?post_type=product&#038;p=727"},"modified":"2026-04-19T13:29:27","modified_gmt":"2026-04-19T13:29:27","slug":"invictus-one-set-dodataka","status":"publish","type":"product","link":"https:\/\/www.celmar-media.com\/invictus\/proizvod\/invictus-one-set-dodataka\/","title":{"rendered":"Invictus One \u2013 Nastavci Za Usisava\u010d"},"content":{"rendered":"<p>Invictus One set dodataka sadr\u017ei kombiniranu \u010detku 2 u 1 za brisanje osjetljivih predmeta, presvlaka i tepiha, fleksibilni nastavak za \u010di\u0161\u0107enje svih onih te\u0161ko dostupnih mjesta i adapter za punjenje u automobilu kako bi vam Invictus One bio pri ruci za brzo \u010di\u0161\u0107enje.<\/p>\n<p>Kombinirana \u010detka 2 u 1 idealna je za nje\u017eno usisavanje namje\u0161taja, jastuka, zavjesa ili tipkovnica.<\/p>\n<p>Fleksibilni nastavak duga\u010dak je, uzak i lagan, uspje\u0161no dosegnite te\u0161ko dostupna mjesta, kutove i strop.<\/p>\n<p>Uz adapter za punjenje u automobilu prakti\u010dno punite svoj Invictus One usisava\u010d za odr\u017eavanje automobila.<\/p>\n<p>Upotpunite cijeli set, i naru\u010dite svoj Invictus trodijelni set dodataka!<\/p>\n<p>Set uklju\u010duje:<\/p>\n<ul>\n<li>1x kombinirana \u010detka 2 u 1<\/li>\n<li>1x fleksibilni nastavak (duljina oko 63 cm)<\/li>\n<li>1x adapter za punjenje u automobilu 12 V (duljina kabla 1 m)<\/li>\n<\/ul>\n<p>Proizvedeno u Kini.<\/p>\n<p>&nbsp;<\/p>\n","protected":false},"excerpt":{"rendered":"<p>Unaprijedite svoj Invictus One be\u017ei\u010dni, ru\u010dni, smart-slim usisava\u010d uz ovaj Invictus trodijelni set dodataka!<\/p>\n","protected":false},"featured_media":1171,"template":"","meta":[],"product_cat":[65],"product_tag":[],"class_list":["post-727","product","type-product","status-publish","has-post-thumbnail","hentry","product_cat-proizvodi-2"],"_links":{"self":[{"href":"https:\/\/www.celmar-media.com\/invictus\/wp-json\/wp\/v2\/product\/727","targetHints":{"allow":["GET"]}}],"collection":[{"href":"https:\/\/www.celmar-media.com\/invictus\/wp-json\/wp\/v2\/product"}],"about":[{"href":"https:\/\/www.celmar-media.com\/invictus\/wp-json\/wp\/v2\/types\/product"}],"wp:featuredmedia":[{"embeddable":true,"href":"https:\/\/www.celmar-media.com\/invictus\/wp-json\/wp\/v2\/media\/1171"}],"wp:attachment":[{"href":"https:\/\/www.celmar-media.com\/invictus\/wp-json\/wp\/v2\/media?parent=727"}],"wp:term":[{"taxonomy":"product_cat","embeddable":true,"href":"https:\/\/www.celmar-media.com\/invictus\/wp-json\/wp\/v2\/product_cat?post=727"},{"taxonomy":"product_tag","embeddable":true,"href":"https:\/\/www.celmar-media.com\/invictus\/wp-json\/wp\/v2\/product_tag?post=727"}],"curies":[{"name":"wp","href":"https:\/\/api.w.org\/{rel}","templated":true}]}}