{"id":1326,"date":"2023-09-01T16:38:45","date_gmt":"2023-09-01T16:38:45","guid":{"rendered":"https:\/\/www.celmar-media.com\/invictus\/product\/invictus-one-hepa-filteri-filteri-za-usisavac-3\/"},"modified":"2026-04-19T13:29:26","modified_gmt":"2026-04-19T13:29:26","slug":"invictus-one-hepa-filteri-filteri-za-usisavac","status":"publish","type":"product","link":"https:\/\/www.celmar-media.com\/invictus\/proizvod\/invictus-one-hepa-filteri-filteri-za-usisavac\/","title":{"rendered":"INVICTUS ONE HEPA FILTERI"},"content":{"rendered":"<h5><strong><b>INVICTUS ONE HEPA FILTERI \u2014 filteri za usisava\u010d<\/b><\/strong><\/h5>\n<p>\u2022 Efikasna filtracija<br \/>\n\u2022 Set od 2 filtera<\/p>\n<p>Dvodijelni set filtera za Invictus One be\u017ei\u010dni ru\u010dni usisava\u010d dugoro\u010dno poma\u017ee u odr\u017eavanju visoke usisne snage Va\u0161eg Invictus One usisava\u010da. Integrirani HEPA filter osigurava u\u010dinkovito i temeljito filtriranje usisanog zraka u prostoriji.<br \/>\nKako biste o\u010distili filtre, dobro ih tapkajte.<br \/>\nZa dugotrajnost filtera, preporu\u010dujemo redovito \u010di\u0161\u0107enje i odr\u017eavanje.<\/p>\n<h5><strong>Set uklju\u010duje:<\/strong><\/h5>\n<p>\u2022 2x HEPA filtera<br \/>\nProizvedeno u Kini.<\/p>\n","protected":false},"excerpt":{"rendered":"<p>Dvodijelni set filtera za Invictus One be\u017ei\u010dni ru\u010dni usisava\u010d dugoro\u010dno poma\u017ee u odr\u017eavanju visoke usisne snage Va\u0161eg Invictus One usisava\u010da.<\/p>\n","protected":false},"featured_media":1324,"template":"","meta":[],"product_cat":[58],"product_tag":[],"class_list":["post-1326","product","type-product","status-publish","has-post-thumbnail","hentry","product_cat-nekategorizirano"],"_links":{"self":[{"href":"https:\/\/www.celmar-media.com\/invictus\/wp-json\/wp\/v2\/product\/1326","targetHints":{"allow":["GET"]}}],"collection":[{"href":"https:\/\/www.celmar-media.com\/invictus\/wp-json\/wp\/v2\/product"}],"about":[{"href":"https:\/\/www.celmar-media.com\/invictus\/wp-json\/wp\/v2\/types\/product"}],"wp:featuredmedia":[{"embeddable":true,"href":"https:\/\/www.celmar-media.com\/invictus\/wp-json\/wp\/v2\/media\/1324"}],"wp:attachment":[{"href":"https:\/\/www.celmar-media.com\/invictus\/wp-json\/wp\/v2\/media?parent=1326"}],"wp:term":[{"taxonomy":"product_cat","embeddable":true,"href":"https:\/\/www.celmar-media.com\/invictus\/wp-json\/wp\/v2\/product_cat?post=1326"},{"taxonomy":"product_tag","embeddable":true,"href":"https:\/\/www.celmar-media.com\/invictus\/wp-json\/wp\/v2\/product_tag?post=1326"}],"curies":[{"name":"wp","href":"https:\/\/api.w.org\/{rel}","templated":true}]}}