{"id":828,"date":"2023-06-08T22:41:08","date_gmt":"2023-06-08T22:41:08","guid":{"rendered":"https:\/\/tipoink.com\/invictus\/?page_id=828"},"modified":"2023-06-08T23:13:01","modified_gmt":"2023-06-08T23:13:01","slug":"politika_povrata","status":"publish","type":"page","link":"https:\/\/www.celmar-media.com\/invictus\/politika_povrata\/","title":{"rendered":"Politika povrata i Uvjeti poslovanja"},"content":{"rendered":"\n<p>Podaci o trgovcu<\/p>\n\n\n\n<p>Cel.Mar.Media d.o.o.<\/p>\n\n\n\n<p>Partizanski put 132, 52100 Pula, Hrvatska<\/p>\n\n\n\n<p>Dru\u0161tvo je upisano u registar Trgova\u010dkog suda u Pazinu pod brojem Tt-08\/2894-2. Temeljni kapital: 20.000,00 kn upla\u0107en u cijelosti. MB 2466350, OIB 87891751110.<\/p>\n\n\n\n<p>IBAN: HR1023600001102062004<\/p>\n\n\n\n<p>Zagreba\u010dka banka d.d.<\/p>\n\n\n\n<p>Email: orders@celmar-media.com<\/p>\n\n\n\n<p>Kori\u0161tenjem usluge Cel.Mar.Media d.o.o. smatra se da je potro\u0161a\u010d u svakom trenutku upoznat s ovim Uvjetima poslovanja, te da ih u cijelosti razumije i prihva\u0107a.<\/p>\n\n\n\n<p>Cijene su maloprodajne, izra\u017eene u Eurima, uklju\u010duju i PDV. Proizvod \u0107e biti dostavljen u roku od 10 dana otkad smo zaprimili Va\u0161u narud\u017ebu, ukoliko je dostupan. Dostava se napla\u0107uje prema cjeniku dogovorenom s Hrvatskom Po\u0161tom d.d. i GLS dostavnom slu\u017ebom. Tro\u0161kovi dostave i pakiranja su napla\u0107eni posebno i vidljivi na ra\u010dunu.<\/p>\n\n\n\n<p>\u010cl.43, st. 1, Zakona o za\u0161titi potro\u0161a\u010da: ugovor u ime i za ra\u010dun maloljetnika ili potpuno poslovne nesposobne osobe mogu sklopiti samo njihovi zakonski zastupnici. Djelomi\u010dno sposobne osobe mogu sklopiti ugovor samo uz suglasnost njihova zakonskog zastupnika. Kupljeni proizvodi koriste se na vlastitu odgovornost i isti se ne mogu smatrati zamjenom za lije\u010dni\u010dku ili nutricionisti\u010dku terapiju.<\/p>\n\n\n\n<p><strong>Raskid ugovora<\/strong><\/p>\n\n\n\n<p>Ugovor mo\u017eete jednostrano raskinuti u roku od 14 dana bez navo\u0111enja razloga. Da biste mogli ostvariti pravo na jednostrani raskid ovog ugovora, morate nas obavijestiti o svojoj odluci o jednostranom raskidu ugovora prije isteka roka i to nedvosmislenom izjavom poslanom po\u0161tom ili elektroni\u010dkom po\u0161tom, u kojoj \u0107ete navesti svoje ime i prezime, adresu, broj telefona i\/ili adresu elektroni\u010dke po\u0161te, a mo\u017eete i koristiti i prilo\u017eeni obrazac za jednostrani raskid ugovora iz priloga. (\u010dl.33 Zakon o za\u0161titi potro\u0161a\u010da) rok od 14 dana te\u010de od trenutka kad ste zaprimili ovu obavijest za raskid i dostavili proizvod na Cel.Mar.Media d.o.o., Partizanski put 132, 52100 Pula, Hrvatska.<\/p>\n\n\n\n<p>Ako jednostrano raskinete ovaj Ugovor u odre\u0111enom roku, po \u010dl. 76 Zakona o za\u0161titi potro\u0161a\u010da, trgovac je du\u017ean, najkasnije u roku od 14 dana od dana primitka pisane obavijesti o raskidu, vratiti potro\u0161a\u010du cjelokupan iznos koji je potro\u0161a\u010d platio na temelju Ugovora. Povrat novaca bit \u0107e izvr\u0161en na isti na\u010din na koji ste Vi izvr\u0161ili uplatu. Drugi na\u010din je mogu\u0107i ukoliko je obostrano prihvatljiv. Ne\u0107ete snositi nikakve dodatne tro\u0161kove u odnosu na povrat. Povrat mo\u017eemo izvr\u0161iti tek nakon \u0161to nam roba bude vra\u0107ena i \u0161to utvrdimo njezino stanje.<\/p>\n\n\n\n<p>Potro\u0161a\u010d nema pravo na raskid ugovora ako je rije\u010d o prodaji proizvoda koji zbog svoje naravi ne mo\u017ee biti vra\u0107en ili je podlo\u017ean brzom propadanju.<\/p>\n\n\n\n<p><strong>Povrat proizvoda<\/strong><\/p>\n\n\n\n<p>Povrat robe mo\u017eete predati ili poslati na Cel.Mar.Media d.o.o., Partizanski put 132, 52100 Pula, Hrvatska, bez nepotrebnog odga\u0111anja, a najkasnije u roku od 14 dana od dana kad ste nam uputili Va\u0161u odluku o jednostranom raskidu ugovora. U slu\u010daju raskida ugovora, potro\u0161a\u010d je du\u017ean o svom tro\u0161ku vratiti proizvod trgovcu (\u010dl.48, st. 2, Zakon o za\u0161titi potro\u0161a\u010da). Odgovorni ste za svako umanjenje vrijednosti koje je rezultat rukovanja robom, osim onog koje je potrebno za utvr\u0111ivanje prirode, obilje\u017eja i funkcionalnosti robe. Mo\u017ee se izvr\u0161iti povrat robe za proizvod koji nije bio kori\u0161ten, te da je isti zapakiran sa svim dijelovima i dokumentacijom (va\u017ee\u0107im ra\u010dunom kao jedini dokaz kupnje i jamstvenim listom ako je za isti predvi\u0111en).<\/p>\n\n\n\n<p>Ako imate reklamaciju vezano za dostavljeni proizvod, molimo Vas da se javite pisanim putem na e-mail adresu korisnicka.sluzba@bctv.hr ili na broj telefona +385 (0)52 630 017 (radnim danom 08:00 \u2013 15:00h). U slu\u010daju materijalnog nedostatka na proizvodu na odnose potro\u0161a\u010da i trgovca primjenjuju se odredbe Zakona o obveznim odnosima.<\/p>\n\n\n\n<p><strong>Prigovori<\/strong><\/p>\n\n\n\n<p>Pisane prigovore mo\u017eete poslati po\u0161tom ili predati osobno na adresu Cel.Mar.Media d.o.o., Partizanski put 132, 52100 Pula s oznakom \u201eZa korisni\u010dku slu\u017ebu\u201c; ili na e-mail adresu: korisnicka.sluzba@bctv.hr.<\/p>\n\n\n\n<p>Odustajanje od narud\u017ebe<\/p>\n\n\n\n<p>Imate pravo odustati od narud\u017ebe ako nas obavijestite, u roku od 3 dana, telefonski na +385 (0)52 630 000 ili e-mailom na adresu: korisnicka.sluzba@bctv.hr. Ako ste odustali od narud\u017ebe kad je paket ve\u0107 poslan, niste ga du\u017eni preuzeti.<\/p>\n\n\n\n<p>Online rje\u0161avanje spora \u201cODR\u201d<\/p>\n\n\n\n<p>Poveznica na europsku platformu za rje\u0161avanje sporova https:\/\/ec.europa.eu\/consumers\/odr\/main\/index.cfm?event=main.home2.show&amp;lng=HR<\/p>\n\n\n\n<p><strong>Jamstva<\/strong><\/p>\n\n\n\n<p>Cel.Mar.Media d.o.o. ne daje nikakva jamstva ili jamstva to\u010dnosti informacija, niti prihva\u0107aju bilo kakvu \u0161tetu ili druge odgovornosti za pogre\u0161ke ili propuste u sadr\u017eaju objavljene ponude. Cel.Mar.Media d.o.o. ima pravo u bilo koje vrijeme, bez prethodne najave, promijeniti sada\u0161nje Uvjete poslovanja i cijene proizvoda a\u017euriranjem ove publikacije.<\/p>\n\n\n\n<p><strong>Osobni podaci<\/strong><\/p>\n\n\n\n<p>Va\u0161i osobni podaci, koje ste nam povjerili prilikom narud\u017ebe robe, \u0107e se koristiti samo za provedbu i dostavu ugovora, te ako kupac izrazi \u017eelju za obavje\u0161tavanje kupca o na\u0161im novostima i dostignu\u0107ima. Va\u0161i osobni podaci bit \u0107e kori\u0161teni samo za na\u0161e interne potrebe, u svrhe radi kojih su prikupljeni, te ih bez Va\u0161eg odobrenja nikada ne\u0107emo davati na uvid tre\u0107oj osobi.<\/p>\n\n\n\n<p><strong>Promjene<\/strong><\/p>\n\n\n\n<p>Cel.Mar.Media d.o.o zadr\u017eava pravo promjena cijena, ponuda i akcija u bilo kojem trenutku bez prethodne najave. Tako\u0111er, zadr\u017eavamo pravo povla\u010denja akcija ili ponuda u bilo kojem trenutku bez prethodne najave.<\/p>\n","protected":false},"excerpt":{"rendered":"<p>Podaci o trgovcu Cel.Mar.Media d.o.o. Partizanski put 132, 52100 Pula, Hrvatska Dru\u0161tvo je upisano u registar Trgova\u010dkog suda u Pazinu pod brojem Tt-08\/2894-2. Temeljni kapital: 20.000,00 kn upla\u0107en u cijelosti&#8230;.<\/p>\n","protected":false},"author":1,"featured_media":0,"parent":0,"menu_order":0,"comment_status":"closed","ping_status":"closed","template":"","meta":{"footnotes":""},"class_list":["post-828","page","type-page","status-publish","hentry"],"_links":{"self":[{"href":"https:\/\/www.celmar-media.com\/invictus\/wp-json\/wp\/v2\/pages\/828","targetHints":{"allow":["GET"]}}],"collection":[{"href":"https:\/\/www.celmar-media.com\/invictus\/wp-json\/wp\/v2\/pages"}],"about":[{"href":"https:\/\/www.celmar-media.com\/invictus\/wp-json\/wp\/v2\/types\/page"}],"author":[{"embeddable":true,"href":"https:\/\/www.celmar-media.com\/invictus\/wp-json\/wp\/v2\/users\/1"}],"replies":[{"embeddable":true,"href":"https:\/\/www.celmar-media.com\/invictus\/wp-json\/wp\/v2\/comments?post=828"}],"version-history":[{"count":2,"href":"https:\/\/www.celmar-media.com\/invictus\/wp-json\/wp\/v2\/pages\/828\/revisions"}],"predecessor-version":[{"id":831,"href":"https:\/\/www.celmar-media.com\/invictus\/wp-json\/wp\/v2\/pages\/828\/revisions\/831"}],"wp:attachment":[{"href":"https:\/\/www.celmar-media.com\/invictus\/wp-json\/wp\/v2\/media?parent=828"}],"curies":[{"name":"wp","href":"https:\/\/api.w.org\/{rel}","templated":true}]}}