{"id":3,"date":"2023-06-08T22:44:47","date_gmt":"2023-06-08T22:44:47","guid":{"rendered":"https:\/\/tipoink.com\/invictus\/?page_id=3"},"modified":"2023-06-08T23:13:52","modified_gmt":"2023-06-08T23:13:52","slug":"privacy-policy","status":"publish","type":"page","link":"https:\/\/www.celmar-media.com\/invictus\/privacy-policy\/","title":{"rendered":"Politika privatnosti"},"content":{"rendered":"\n<p>Sukladno Uredbi (EU) 2016\/679 Europskog parlamenta i Vije\u0107a od 27. travnja 2016. o za\u0161titi pojedinaca u vezi s obradom osobnih podataka i o slobodnom kretanju takvih podataka te o stavljanju izvan snage Direktive 95\/46\/EZ (dalje: Op\u0107a uredba o za\u0161titi podataka), CEL.MAR.MEDIA d.o.o. (u daljnjem tekstu: CEL.MAR.MEDIA) u svom radu obvezuje se postupati u skladu sa po\u0161tivanjem i za\u0161titom osobnih podataka i privatnosti korisnika ovih mre\u017enih stranica, sve dok se oni koriste u okviru dozvoljenih uvjeta kori\u0161tenja.<\/p>\n\n\n\n<p><strong>Prikupljanje podataka<\/strong><\/p>\n\n\n\n<pre class=\"wp-block-code\"><code>Osobnim podacima smatraju se svi podaci kojima se utvr\u0111uje identitet te podaci potrebni za komunikaciju (npr. prezime i ime, adresa stanovanja, adresa e-po\u0161te, kontakt brojevi telefona, mobilnih i faks ure\u0111aja i sl).\n\n\n\nNa\u0161u Internet stranicu mo\u017eete koristiti bez otkrivanja Va\u0161ih osobnih podataka. Niste obvezni pru\u017eiti nam Va\u0161e osobne podatke kao uvjet kori\u0161tenja stranice, osim ukoliko je to potrebno da bi Vam pru\u017eili uslugu ili omogu\u0107ili kori\u0161tenje na\u0161eg proizvoda u skladu s Va\u0161im zahtjevom. Kada koristite na\u0161u Internet stranicu mi mo\u017eemo pohraniti podatke iz razli\u010ditih sigurnosnih razloga. Takvi podaci mogu uklju\u010divati naziv Va\u0161eg davatelja internetskih usluga, Internet stranicu preko koje ste se povezali na na\u0161u stranicu, internetske stranice koje ste posjetili s na\u0161e stranice te Va\u0161u IP adresu. Ti podaci bi mogli voditi k Va\u0161oj identifikaciji, no mi ih za to ne koristimo. S vremena na vrijeme podatke koristimo u statisti\u010dke svrhe, no istovremeno zadr\u017eavamo anonimnost svakog korisnika pa se ta osoba ne mo\u017ee identificirati. U slu\u010dajevima kada poslove u svezi s obradom podataka povjeravamo tre\u0107im osobama, kako bi Vam iste omogu\u0107ile proizvod ili pru\u017eile usluge koje ste zatra\u017eili, ili u druge svrhe na koje ste dopustili, vodimo ra\u010duna o tome da je ta tre\u0107a osoba registrirana za obavljanje takve djelatnosti, da pru\u017ea dovoljno jamstava u pogledu ostvarivanja za\u0161tite i povjerljivosti podataka te se pouzdajemo u tehni\u010dka i organizacijska sredstva kako bi osigurali po\u0161tivanje propisa o za\u0161titi osobnih podataka.<\/code><\/pre>\n\n\n\n<p><strong>Prikupljanje i obrada osobnih podataka<\/strong><\/p>\n\n\n\n<pre class=\"wp-block-code\"><code>Osobne podatke prikupljamo samo kada nam ih Vi sami stavite na raspolaganje npr. u okviru registracije, putem ispunjavanja obrazaca ili slanjem elektroni\u010dke po\u0161te, u okviru narud\u017ebe proizvoda ili usluga, slanja upita ili zahtjeva vezanih uz na\u0161e proizvode ili usluge te u sli\u010dnim situacijama u kojim ste odabrali pru\u017eiti nam podatke. Baza podataka i njen sadr\u017eaj ostaju u na\u0161oj kompaniji te pri izvr\u0161iteljima obrade i serverima koji djeluju u na\u0161e ime te su nam odgovorni. Va\u0161e osobne podatke u bilo kojem obliku ne\u0107emo proslijediti tre\u0107im stranama (ni izravno niti preko zastupnika), osim ako nismo pribavili Va\u0161u privolu ili ako postoji zakonska osnova za isto.\n\nZadr\u017eat \u0107emo kontrolu i odgovornost za kori\u0161tenje svih osobnih podataka koje ste s nama podijelili. Mo\u017ee se dogoditi da se ti podaci u potpunosti ili djelomi\u010dno pohranjuju ili obra\u0111uju u drugim zemljama (npr. u Americi) te u tim zemljama mogu vrijediti druga\u010dija pravila o za\u0161titi podataka nego u zemlji u kojoj Vi \u017eivite. U takvim \u0107emo slu\u010dajevima osigurati da su uspostavljene odgovaraju\u0107e sigurnosne mjere koje zahtijevaju od izvr\u0161itelja obrade iz te zemlje da primjenjuje za\u0161titu podataka ekvivalentnu onoj u Va\u0161oj zemlji.<\/code><\/pre>\n\n\n\n<p><strong>Svrha kori\u0161tenja<\/strong><\/p>\n\n\n\n<pre class=\"wp-block-code\"><code>Podaci koje prikupljamo koristit \u0107e se samo u svrhe pru\u017eanja na\u0161ih proizvoda i usluga ili pak u druge svrhe za koje ste dali svoju privolu, osim u slu\u010dajevima gdje zakon propisuje druga\u010dije.<\/code><\/pre>\n\n\n\n<p><strong>Pravo uvida i ispravka<\/strong><\/p>\n\n\n\n<pre class=\"wp-block-code\"><code>U odnosu na sve Va\u0161e osobne podatke koji su kod nas pohranjeni, Vi imate pravo uvida, te prava ispravka, dopune i brisanja istih kada su nepotpuni, neto\u010dni i nea\u017eurni. Za navedeno je dovoljno poslati e-mail na adresu iz impresuma ili kontaktirajte slu\u017ebenika za za\u0161titu podataka.<\/code><\/pre>\n\n\n\n<p><strong>Pravo odustajanja<\/strong><\/p>\n\n\n\n<pre class=\"wp-block-code\"><code>Vi imate pravo u svakom trenutku odustati od dane privole za obradu osobnih podataka te zatra\u017eiti prestanak njihove daljnje obrade, osim ako se radi o obradi podataka u statisti\u010dke svrhe kada Va\u0161i osobni podaci vi\u0161e ne omogu\u0107uju Va\u0161u identifikaciju. Za navedeno je dovoljno poslati e-mail na adresu iz impresuma ili kontaktirajte slu\u017ebenika za za\u0161titu podataka.<\/code><\/pre>\n\n\n\n<p><strong>\u010cuvanje podataka<\/strong><\/p>\n\n\n\n<pre class=\"wp-block-code\"><code>Osobne podatke \u010duvamo toliko dugo koliko je potrebno da tra\u017eena usluga ili usluga za koju ste dali privolu bude pru\u017eena, osim ako zakon ne propisuje druga\u010dije (npr. u vezi sa sudskim postupkom koji je u tijeku).<\/code><\/pre>\n\n\n\n<p><strong>Upotreba kola\u010di\u0107a (Cookies)<\/strong><\/p>\n\n\n\n<pre class=\"wp-block-code\"><code>Na\u0161a mre\u017ena stranica koristi se cookie datotekama da bi va\u0161e kori\u0161tenje interneta prilagodila va\u0161im potrebama. Cookie je tekstualna datoteka koju poslu\u017eitelj web stranice snima na va\u0161 tvrdi disk. Cookie datoteke ne mogu se koristiti da bi se pokretali programi ili unosili virusi u va\u0161e ra\u010dunalo. Cookie datoteke dodjeljuju se pojedina\u010dno i mo\u017ee ih \u010ditati samo poslu\u017eitelj web stranice u domeni koja je takvu datoteku snimila.\n\n\n\nAko niste suglasni s njihovom upotrebom, kola\u010di\u0107e mo\u017eete lako izbrisati (ili sprije\u010diti) na svojem ra\u010dunalu ili mobilnom ure\u0111aju s pomo\u0107u postavki preglednika kojim se koristite. Vi\u0161e informacija o upravljanju kola\u010di\u0107ima potra\u017eite na stranicama preglednika kojim se koristite.\n\n\n\nBudu\u0107i da je svrha kola\u010di\u0107a pobolj\u0161anje i omogu\u0107ivanje upotrebe na\u0161ih internetskih stranica i njihovih procesa, imajte na umu da sprje\u010davanjem ili brisanjem kola\u010di\u0107a mo\u017eete onemogu\u0107iti funkcioniranje tih zna\u010dajki ili prouzro\u010diti njihov druga\u010diji rad i izgled u va\u0161em pregledniku.<\/code><\/pre>\n\n\n\n<p><strong>Web-analiza<\/strong><\/p>\n\n\n\n<p>Na ovoj Internet stranici koristimo Google Analytics, uslugu tvrtke Google Inc., 1600 Amphitheatre Parkway, Mountain View, CA 94043, United States (\u201eGoogle\u201c) i Facebook Pixel, uslugu tvrtke Meta Platforms, Inc., 1 Hacker Way, Menlo Park, CA 94025, United States (\u201eFacebook\u201c).<\/p>\n\n\n\n<pre class=\"wp-block-code\"><code>Sukladno Va\u0161oj privoli, Google i Facebook u na\u0161e ime analizira Va\u0161e kori\u0161tenje ove stranice. Izme\u0111u ostalog, za tu svrhu koristimo gore spomenute kola\u010di\u0107e. Informacije koje Google i Facebook prikupljaju u vezi s Va\u0161im kori\u0161tenjem ove Internet stranice (npr. polazni URL, kod nas posje\u0107ene stranice, web-pretra\u017eiva\u010d koji ste koristili, Va\u0161e postavke jezika, Va\u0161 ra\u010dunalni sustav koji ste koristili ili razlu\u010divost prikaza) se prenose na Googleove i Facebookove servere diljem svijeta. Tamo se pohranjuju, analiziraju, a nama se stavlja na raspolaganje rezultat u anonimnom obliku. Podaci o Va\u0161em kori\u0161tenju pritom nisu povezani s Va\u0161om punom IP-adresom. Na ovoj smo Internet stranici aktivirali od Googlea ponu\u0111enu funkciju IP-anonimizacije, tako da se zadnjih 8 brojaka (tip IPv4) odnosno zadnjih 80 bitova (tip IPv6) Va\u0161e IP-adrese bri\u0161e. Google i Facebook su certificirani u vezi s EU-US Privacy Shield tako da se na obradu podataka od strane Googlea i Facebooka u Americi primjenjuje odgovaraju\u0107a razina za\u0161tite podataka.<\/code><\/pre>\n\n\n\n<p>Va\u0161u privolu za web-analizu mo\u017eete povu\u0107i u svako doba time \u0161to \u0107ete preuzeti i instalirati Googleov Browser dodatak (plugin) \u2013 Google Analytics Opt-out Ad-on ili mo\u017eete sprije\u010diti odnosno izbrisati kola\u010di\u0107e na svojem ra\u010dunalu ili mobilnom ure\u0111aju. Obje mogu\u0107nosti spre\u010davaju web-analizu tako dugo dok koristite pretra\u017eiva\u010d na kojem je instaliran Plugin dodatak odnosno sve dok ne ugasite navedeni dodatak.<\/p>\n\n\n\n<p>Za daljnje informacije o Google Analytics i Facebook Pixel molimo pogledajte Uvjete kori\u0161tenja Google Analytics, u Osnove sigurnosti i za\u0161tite podataka od Google Analytics, Googleovu Izjavu o za\u0161titi podataka kao i Uvjete kori\u0161tenja Facebook Pixel, Osnove sigurnosti i za\u0161tite podataka od Facebooka i Facebookovu Izjavu o za\u0161titi podataka.<\/p>\n\n\n\n<p><strong>Sigurnost<\/strong><\/p>\n\n\n\n<pre class=\"wp-block-code\"><code>CEL.MAR.MEDIA koristi tehni\u010dke i organizacijske sigurnosne mjere kako bi za\u0161titio Va\u0161e podatke od manipulacija, gubitaka, prijetnji ili pristupa od strane neovla\u0161tenih osoba. Bilo koji osobni podatak koji ste nam stavili na raspolaganje, u prijenosu \u0107e biti enkriptiran kako bi se izbjegla zlouporaba podataka od strane tre\u0107ih osoba. Na\u0161e se sigurnosne mjere kontinuirano unapre\u0111uju sukladno tehnolo\u0161kom razvoju.<\/code><\/pre>\n\n\n\n<p><strong>Djeca<\/strong><\/p>\n\n\n\n<pre class=\"wp-block-code\"><code>Vode\u0107i ra\u010duna o va\u017enosti za\u0161tite privatnosti djece na na\u0161oj Internet stranici ne prikupljamo, ne obra\u0111ujemo i ne koristimo informacije o osobama za koje nam je poznato da su mla\u0111e od 16 godina bez prethodne i vjerodostojne privole zakonskog zastupnika. Zakonski zastupnik ima pravo i mo\u017ee zahtijevati uvid u informacije koje je dalo dijete te mo\u017ee zahtijevati da se one obri\u0161u.<\/code><\/pre>\n\n\n\n<p><strong>Kontakt<\/strong><\/p>\n\n\n\n<pre class=\"wp-block-code\"><code>Ukoliko imate bilo kakav problem, pitanja ili sugestije, molimo obratite se sljede\u0107oj osobi:<\/code><\/pre>\n\n\n\n<p>Slu\u017ebenik za za\u0161titu podataka u dru\u0161tvu je Marina Jahn-Rodin (dpo@bctv.hr).<\/p>\n\n\n\n<pre class=\"wp-block-code\"><code>Stalni razvoj Interneta zahtijeva povremene prilagodbe na\u0161e izjave o privatnosti pa pridr\u017eavamo pravo izmjena iste kada je to potrebno.<\/code><\/pre>\n\n\n\n<p><strong>Izjava o sigurnosti online pla\u0107anja<\/strong><\/p>\n\n\n\n<pre class=\"wp-block-code\"><code>Pri pla\u0107anju na na\u0161oj web trgovini koristite WSPay \u2013 napredni sustav za siguran prihvat platnih kartica putem interneta.\n\nWSPay osigurava potpunu tajnost Va\u0161ih karti\u010dnih podataka ve\u0107 od trenutka kada ih upi\u0161ete u WSPay platni formular. Platni podaci proslje\u0111uju se \u0161ifrirano od Va\u0161eg web preglednika do banke koja je izdala Va\u0161u karticu. Na\u0161a trgovina nikada ne dolazi u kontakt s cjelovitim podacima o Va\u0161oj platnoj kartici. Tako\u0111er, podaci su nedostupni \u010dak i djelatnicima WSPay sustava. Izolirana jezgra samostalno prenosi i upravlja osjetljivim podacima, \u010duvaju\u0107i ih pri tom potpuno sigurnima.\n\nFormular za upis platnih podataka osiguran je SSL transportnom \u0161ifrom najve\u0107e pouzdanosti. WSPay, u skladu s PCI DSS standardima \u0161titi prijenos Va\u0161ih podataka i Va\u0161u privatnost sa TLS 1.2 kriptografskim protokolima.\n\nWSPay zadovoljava sve zahtjeve vezane uz sigurnost on-line pla\u0107anja propisane od strane vode\u0107ih karti\u010dnih brandova, odnosno posluje sukladno normi \u2013 PCI DSS Level 1 \u2013 najvi\u0161i sigurnosni standard industrije platnih kartica. Pri pla\u0107anju karticama uvr\u0161tenim u 3-D Secure program Va\u0161a banka uz valjanost same kartice dodatno potvr\u0111uje i Va\u0161 identitet pomo\u0107u tokena ili lozinke.\n\nWSPay sve prikupljene informacije smatra bankovnom tajnom i tretira ih u skladu s tim. Informacije se koriste isklju\u010divo u svrhe za koje su namijenjene. Va\u0161i osjetljivi podaci u potpunosti su sigurni, a njihova privatnost zajam\u010dena je najmodernijim za\u0161titnim mehanizmima. Prikupljaju se samo podaci nu\u017eni za obavljanje posla sukladno propisanim zahtjevnim procedurama za on-line pla\u0107anje.<\/code><\/pre>\n\n\n\n<p>Sigurnosne kontrole i operativne procedure primijenjene na na\u0161u infrastrukturu osiguravaju trenutnu pouzdanost WSPay sustava. Uz to odr\u017eavanjem stroge kontrole pristupa, redovitim pra\u0107enjem sigurnosti i dubinskim provjerama za sprje\u010davanje ranjivosti mre\u017ee te planskim provo\u0111enjem odredbi o informacijskoj sigurnosti trajno odr\u017eavaju i unaprje\u0111uju stupanj sigurnosti sustava za\u0161titom Va\u0161ih karti\u010dnih podataka.<\/p>\n\n\n\n<pre class=\"wp-block-code\"><code>Na pristup i kori\u0161tenje ovih mre\u017enih stranica  te Izjavu o privatnosti primjenjuje se pravo Republike Hrvatske, a u slu\u010daju spora nadle\u017eni su isklju\u010divo hrvatski sudovi.\n\nOva izjava o privatnosti i sigurnosti online pla\u0107anja primjenjuje se od 25. svibnja 2018. godine.<\/code><\/pre>\n\n\n\n<p>CEL.MAR.MEDIA d.o.o.<\/p>\n\n\n\n<p>Povrat robe mo\u017eete predati ili poslati na Cel.Mar.Media d.o.o., Partizanski put 132, 52100 Pula, Hrvatska, bez nepotrebnog odga\u0111anja, a najkasnije u roku od 14 dana od dana kad ste nam uputili Va\u0161u odluku o jednostranom raskidu ugovora. U slu\u010daju raskida ugovora, potro\u0161a\u010d je du\u017ean o svom tro\u0161ku vratiti proizvod trgovcu (\u010dl.48, st. 2, Zakon o za\u0161titi potro\u0161a\u010da). Odgovorni ste za svako umanjenje vrijednosti koje je rezultat rukovanja robom, osim onog koje je potrebno za utvr\u0111ivanje prirode, obilje\u017eja i funkcionalnosti robe. Mo\u017ee se izvr\u0161iti povrat robe za proizvod koji nije bio kori\u0161ten, te da je isti zapakiran sa svim dijelovima i dokumentacijom (va\u017ee\u0107im ra\u010dunom kao jedini dokaz kupnje i jamstvenim listom ako je za isti predvi\u0111en).<\/p>\n\n\n\n<p>Ako imate reklamaciju vezano za dostavljeni proizvod, molimo Vas da se javite pisanim putem na e-mail adresu korisnicka.sluzba@bctv.hr ili na broj telefona +385 (0)52 630 017 (radnim danom 08:00 \u2013 15:00h). U slu\u010daju materijalnog nedostatka na proizvodu na odnose potro\u0161a\u010da i trgovca primjenjuju se odredbe Zakona o obveznim odnosima.<\/p>\n\n\n\n<p><strong>Prigovori<\/strong><\/p>\n\n\n\n<p>Pisane prigovore mo\u017eete poslati po\u0161tom ili predati osobno na adresu Cel.Mar.Media d.o.o., Partizanski put 132, 52100 Pula s oznakom \u201eZa korisni\u010dku slu\u017ebu\u201c; ili na e-mail adresu: korisnicka.sluzba@bctv.hr.<\/p>\n\n\n\n<p><strong>Odustajanje od narud\u017ebe<\/strong><\/p>\n\n\n\n<p>Imate pravo odustati od narud\u017ebe ako nas obavijestite, u roku od 3 dana, telefonski na +385 (0)52 630 000 ili e-mailom na adresu: korisnicka.sluzba@bctv.hr. Ako ste odustali od narud\u017ebe kad je paket ve\u0107 poslan, niste ga du\u017eni preuzeti.<\/p>\n\n\n\n<p><strong>Online rje\u0161avanje spora \u201cODR\u201d<\/strong><\/p>\n\n\n\n<p>Poveznica na europsku platformu za rje\u0161avanje sporova https:\/\/ec.europa.eu\/consumers\/odr\/main\/index.cfm?event=main.home2.show&amp;lng=HR<\/p>\n\n\n\n<p><strong>Jamstva<\/strong><\/p>\n\n\n\n<p>Cel.Mar.Media d.o.o. ne daje nikakva jamstva ili jamstva to\u010dnosti informacija, niti prihva\u0107aju bilo kakvu \u0161tetu ili druge odgovornosti za pogre\u0161ke ili propuste u sadr\u017eaju objavljene ponude. Cel.Mar.Media d.o.o. ima pravo u bilo koje vrijeme, bez prethodne najave, promijeniti sada\u0161nje Uvjete poslovanja i cijene proizvoda a\u017euriranjem ove publikacije.<\/p>\n\n\n\n<p><strong>Osobni podaci<\/strong><\/p>\n\n\n\n<p>Va\u0161i osobni podaci, koje ste nam povjerili prilikom narud\u017ebe robe, \u0107e se koristiti samo za provedbu i dostavu ugovora, te ako kupac izrazi \u017eelju za obavje\u0161tavanje kupca o na\u0161im novostima i dostignu\u0107ima. Va\u0161i osobni podaci bit \u0107e kori\u0161teni samo za na\u0161e interne potrebe, u svrhe radi kojih su prikupljeni, te ih bez Va\u0161eg odobrenja nikada ne\u0107emo davati na uvid tre\u0107oj osobi.<\/p>\n\n\n\n<p><strong>Promjene<\/strong><\/p>\n\n\n\n<p>Cel.Mar.Media d.o.o zadr\u017eava pravo promjena cijena, ponuda i akcija u bilo kojem trenutku bez prethodne najave. Tako\u0111er, zadr\u017eavamo pravo povla\u010denja akcija ili ponuda u bilo kojem trenutku bez prethodne najave.<\/p>\n","protected":false},"excerpt":{"rendered":"<p>Sukladno Uredbi (EU) 2016\/679 Europskog parlamenta i Vije\u0107a od 27. travnja 2016. o za\u0161titi pojedinaca u vezi s obradom osobnih podataka i o slobodnom kretanju takvih podataka te o stavljanju&#8230;<\/p>\n","protected":false},"author":1,"featured_media":0,"parent":0,"menu_order":0,"comment_status":"closed","ping_status":"open","template":"","meta":{"footnotes":""},"class_list":["post-3","page","type-page","status-publish","hentry"],"_links":{"self":[{"href":"https:\/\/www.celmar-media.com\/invictus\/wp-json\/wp\/v2\/pages\/3","targetHints":{"allow":["GET"]}}],"collection":[{"href":"https:\/\/www.celmar-media.com\/invictus\/wp-json\/wp\/v2\/pages"}],"about":[{"href":"https:\/\/www.celmar-media.com\/invictus\/wp-json\/wp\/v2\/types\/page"}],"author":[{"embeddable":true,"href":"https:\/\/www.celmar-media.com\/invictus\/wp-json\/wp\/v2\/users\/1"}],"replies":[{"embeddable":true,"href":"https:\/\/www.celmar-media.com\/invictus\/wp-json\/wp\/v2\/comments?post=3"}],"version-history":[{"count":1,"href":"https:\/\/www.celmar-media.com\/invictus\/wp-json\/wp\/v2\/pages\/3\/revisions"}],"predecessor-version":[{"id":832,"href":"https:\/\/www.celmar-media.com\/invictus\/wp-json\/wp\/v2\/pages\/3\/revisions\/832"}],"wp:attachment":[{"href":"https:\/\/www.celmar-media.com\/invictus\/wp-json\/wp\/v2\/media?parent=3"}],"curies":[{"name":"wp","href":"https:\/\/api.w.org\/{rel}","templated":true}]}}