{"id":852,"date":"2023-06-08T22:44:47","date_gmt":"2023-06-08T22:44:47","guid":{"rendered":"https:\/\/tipoink.com\/invictus\/?page_id=852"},"modified":"2023-06-08T23:12:25","modified_gmt":"2023-06-08T23:12:25","slug":"politica-sulla-privacy","status":"publish","type":"page","link":"https:\/\/www.celmar-media.com\/invictus\/it\/politica-sulla-privacy\/","title":{"rendered":"Politica sulla privacy"},"content":{"rendered":"\n<p>Ai sensi del Regolamento (UE) 2016\/679 del Parlamento Europeo e del Consiglio, del 27 aprile 2016, relativo alla tutela delle persone fisiche con riguardo al trattamento dei dati personali, nonch\u00e9 alla libera circolazione di tali dati e all&#8217;abrogazione della Direttiva 95 \/46\/CE (di seguito: Regolamento Generale sulla Protezione dei Dati), CEL.MAR.MEDIA d.o.o. (di seguito: CEL.MAR.MEDIA) nel suo operato si impegna ad agire in conformit\u00e0 con il rispetto e la protezione dei dati personali e della privacy degli utenti di questi siti Web, purch\u00e9 utilizzati nelle condizioni di utilizzo consentite.<\/p>\n\n\n\n<p><strong>Raccolta dati<\/strong><\/p>\n\n\n\n<p>Per dati personali si intendono tutti i dati utilizzati per stabilire l&#8217;identit\u00e0 ei dati necessari alla comunicazione (es. cognome e nome, indirizzo di residenza, indirizzo di posta elettronica, recapiti di telefoni, apparecchi mobili e fax, ecc.).<\/p>\n\n\n\n<p>Puoi utilizzare il nostro sito web senza rivelare i tuoi dati personali. Non sei obbligato a fornirci i tuoi dati personali come condizione per l&#8217;utilizzo del sito, a meno che non sia necessario per fornirti un servizio o consentire l&#8217;utilizzo del nostro prodotto in conformit\u00e0 con la tua richiesta. Quando utilizzi il nostro sito Web, potremmo archiviare i dati per vari motivi di sicurezza. Tali dati possono includere il nome del tuo fornitore di servizi Internet, la pagina Internet attraverso la quale ti sei connesso al nostro sito, le pagine Internet che hai visitato dal nostro sito e il tuo indirizzo IP. Questi dati potrebbero portare alla tua identificazione, ma non li usiamo per questo. Di volta in volta utilizziamo i dati a fini statistici, ma allo stesso tempo manteniamo l&#8217;anonimato di ciascun utente, in modo che tale persona non possa essere identificata. Nei casi in cui affidiamo a terzi incarichi relativi al trattamento dei dati, affinch\u00e9 questi ti forniscano il prodotto o forniscano i servizi che hai richiesto, o per altri scopi per i quali hai consentito, ci preoccupiamo che la terza parte sia registrato per svolgere tali attivit\u00e0, che fornisce garanzie sufficienti in merito alla protezione e alla riservatezza dei dati, e ci affidiamo a mezzi tecnici e organizzativi per garantire il rispetto della normativa in materia di protezione dei dati personali.<\/p>\n\n\n\n<p><strong>Raccolta e trattamento dei dati personali<\/strong><\/p>\n\n\n\n<p>Raccogliamo dati personali solo quando tu stesso li rendi disponibili a noi, ad esempio, come parte della registrazione, compilando moduli o inviando posta elettronica, come parte dell&#8217;ordine di prodotti o servizi, inviando domande o richieste relative ai nostri prodotti o servizi e in situazioni simili in cui scegli di fornirci informazioni. Il database e il suo contenuto rimangono nella nostra azienda e con i processori e i server che agiscono per nostro conto e sono responsabili nei nostri confronti. Non inoltreremo i tuoi dati personali in nessuna forma a terzi (n\u00e9 direttamente n\u00e9 tramite rappresentanti), a meno che non abbiamo ottenuto il tuo consenso o ci sia una base legale per lo stesso.<\/p>\n\n\n\n<p>Manterremo il controllo e la responsabilit\u00e0 per l&#8217;uso di qualsiasi informazione personale che condividi con noi. Pu\u00f2 accadere che questi dati vengano archiviati o elaborati in tutto o in parte in altri paesi (ad es. America) e in questi paesi potrebbero essere applicate regole di protezione dei dati diverse rispetto al paese in cui vivi. In tali casi, ci assicureremo che siano in atto adeguate misure di sicurezza che richiedano al processore di quel paese di applicare una protezione dei dati equivalente a quella del tuo paese.<\/p>\n\n\n\n<p><strong>Finalit\u00e0 d&#8217;uso<\/strong><\/p>\n\n\n\n<p>I dati che raccogliamo saranno utilizzati solo allo scopo di fornire i nostri prodotti e servizi o per altri scopi per i quali hai dato il tuo consenso, salvo nei casi in cui la legge prescriva diversamente.<\/p>\n\n\n\n<p><strong>Diritto di cambiamento di dati<\/strong><\/p>\n\n\n\n<p>In relazione a tutti i tuoi dati personali che sono archiviati presso di noi, hai il diritto di visualizzare e il diritto di correggere, integrare ed eliminare gli stessi quando sono incompleti, errati e non aggiornati. Per quanto sopra, \u00e8 sufficiente inviare un&#8217;e-mail al nostro indirizzo o contattare il responsabile della protezione dei dati.<\/p>\n\n\n\n<p><strong>Diritto di recesso<\/strong><\/p>\n\n\n\n<p>Hai il diritto in qualsiasi momento di revocare il tuo consenso al trattamento dei dati personali e di richiedere la cessazione del loro ulteriore trattamento, a meno che non si tratti di trattamento di dati a fini statistici quando i tuoi dati personali non ti consentono pi\u00f9 di essere identificato. Per quanto sopra, \u00e8 sufficiente inviare un&#8217;e-mail al nostro indirizzo o contattare il responsabile della protezione dei dati.<\/p>\n\n\n\n<p><strong>Archivio dati<\/strong><\/p>\n\n\n\n<p>Conserviamo i dati personali per tutto il tempo necessario a fornire il servizio richiesto o il servizio per il quale hai dato il tuo consenso, a meno che la legge non disponga diversamente (ad esempio in relazione a un procedimento giudiziario in corso).<\/p>\n\n\n\n<p><strong>Utilizzo dei cookie (Cookie)<\/strong><\/p>\n\n\n\n<p>Il nostro sito Web utilizza i file cookie per adattare il tuo utilizzo di Internet alle tue esigenze. Un cookie \u00e8 un file di testo che un server di un sito web salva sul tuo disco rigido. I file cookie non possono essere utilizzati per eseguire programmi o introdurre virus nel tuo computer. I file cookie sono assegnati individualmente e possono essere letti solo dal server del sito Web nel dominio che ha registrato tale file.<\/p>\n\n\n\n<p>Se non acconsenti al loro utilizzo, puoi facilmente eliminare (o impedire) i cookie sul tuo computer o dispositivo mobile utilizzando le impostazioni del browser che stai utilizzando. Puoi trovare maggiori informazioni sulla gestione dei cookie nelle pagine del browser che stai utilizzando.<\/p>\n\n\n\n<p>Poich\u00e9 lo scopo dei cookie \u00e8 migliorare e consentire l&#8217;uso dei nostri siti Web e dei relativi processi, si prega di notare che impedendo o eliminando i cookie, \u00e8 possibile disabilitare il funzionamento di queste funzionalit\u00e0 o farle funzionare in modo diverso nel browser.<\/p>\n\n\n\n<p><strong>Analisi Web<\/strong><\/p>\n\n\n\n<p>Su questo sito web utilizziamo Google Analytics, un servizio di Google Inc., 1600 Amphitheatre Parkway, Mountain View, CA 94043, Stati Uniti (&#8220;Google&#8221;) e Facebook Pixel, un servizio di Meta Platforms, Inc., 1 Hacker Way, Menlo Park, CA 94025 , Stati Uniti Stati (&#8220;Facebook&#8221;).<\/p>\n\n\n\n<p>In conformit\u00e0 con il tuo consenso, Google e Facebook analizzano il tuo utilizzo di questo sito per nostro conto. Tra le altre cose, utilizziamo i suddetti cookie per questo scopo. Le informazioni che Google e Facebook raccolgono in relazione al tuo utilizzo di questo sito web (ad es. l&#8217;URL iniziale, le pagine visitate da noi, il browser web che hai utilizzato, le impostazioni della lingua, il sistema informatico che hai utilizzato o la risoluzione del display) sono trasmesse a Server di Google e Facebook in tutto il mondo. Vengono archiviati l\u00ec, analizzati e il risultato ci viene messo a disposizione in forma anonima. I dati sul tuo utilizzo non sono collegati al tuo indirizzo IP completo. Su questo sito Web abbiamo attivato la funzione di anonimizzazione IP offerta da Google, in modo che vengano cancellate le ultime 8 cifre (tipo IPv4) o gli ultimi 80 bit (tipo IPv6) del tuo indirizzo IP. Google e Facebook sono certificati in relazione allo scudo UE-USA per la privacy in modo che il trattamento dei dati da parte di Google e Facebook in America sia soggetto al livello adeguato di protezione dei dati.<\/p>\n\n\n\n<p>Puoi revocare il tuo consenso per l&#8217;analisi web in qualsiasi momento scaricando e installando l&#8217;Ad-on per la disattivazione di Google Analytics oppure puoi impedire o eliminare i cookie sul tuo computer o dispositivo mobile. Entrambe le opzioni impediscono l&#8217;analisi web fintanto che si utilizza un browser su cui \u00e8 installato il plug-in o fino a quando non si disattiva il suddetto plug-in.<\/p>\n\n\n\n<p>Per ulteriori informazioni su Google Analytics e il pixel di Facebook, consultare i termini di utilizzo di Google Analytics, i principi di sicurezza e protezione dei dati di Google Analytics, l&#8217;informativa sulla protezione dei dati di Google nonch\u00e9 i termini di utilizzo del pixel di Facebook, il Nozioni di base sulla sicurezza e sulla protezione dei dati da Facebook e i dati dell&#8217;informativa sulla privacy di Facebook.<\/p>\n\n\n\n<p><strong>Sicurezza<\/strong><\/p>\n\n\n\n<p>CEL.MAR.MEDIA utilizza misure di sicurezza tecniche e organizzative per proteggere i tuoi dati da manipolazione, perdita, minacce o accesso da parte di persone non autorizzate. Tutti i dati personali che ci hai messo a disposizione saranno crittografati durante la trasmissione per evitare l&#8217;uso improprio dei dati da parte di terzi. Le nostre misure di sicurezza vengono continuamente migliorate in linea con lo sviluppo tecnologico.<\/p>\n\n\n\n<p><strong>Bambini<\/strong><\/p>\n\n\n\n<p>Tenendo conto dell&#8217;importanza di proteggere la privacy dei bambini, sul nostro sito Web non raccogliamo, elaboriamo o utilizziamo informazioni su persone che sappiamo essere di et\u00e0 inferiore ai 16 anni senza il previo e credibile consenso di un rappresentante legale. Il rappresentante legale ha il diritto e pu\u00f2 chiedere di conoscere le informazioni fornite dal minore e pu\u00f2 chiederne la cancellazione.<\/p>\n\n\n\n<p><strong>Contatto<\/strong><\/p>\n\n\n\n<p>In caso di problemi, domande o suggerimenti, contattare la seguente persona:<\/p>\n\n\n\n<p>Il responsabile della protezione dei dati dell&#8217;azienda \u00e8 Marina Jahn-Rodin (dpo@bctv.hr).<\/p>\n\n\n\n<p>Il costante sviluppo di Internet richiede modifiche occasionali alla nostra informativa sulla privacy, quindi ci riserviamo il diritto di modificarla quando necessario.<\/p>\n\n\n\n<p><strong>Dichiarazione di sicurezza del pagamento online<\/strong><\/p>\n\n\n\n<p>Quando paghi sul nostro web store, utilizza WSPay, un sistema avanzato per accettare in modo sicuro le carte di pagamento online.<\/p>\n\n\n\n<p>WSPay garantisce la completa segretezza dei dati della tua carta dal momento in cui li inserisci nel modulo di pagamento WSPay. I dati di pagamento vengono trasmessi crittografati dal tuo browser web alla banca che ha emesso la tua carta. Il nostro negozio non entra mai in contatto con informazioni complete sulla tua carta di pagamento. Inoltre, i dati sono inaccessibili anche ai dipendenti del sistema WSPay. Un core isolato trasferisce e gestisce in modo indipendente i dati sensibili, mantenendoli completamente al sicuro.<\/p>\n\n\n\n<p>Il modulo per l&#8217;inserimento dei dati di pagamento \u00e8 protetto da un codice di trasporto SSL della massima affidabilit\u00e0. WSPay, in accordo con gli standard PCI DSS, protegge il trasferimento dei tuoi dati e la tua privacy con i protocolli crittografici TLS 1.2.<\/p>\n\n\n\n<p>WSPay soddisfa tutti i requisiti relativi alla sicurezza dei pagamenti online prescritti dai principali marchi di carte, ovvero opera in conformit\u00e0 con la norma &#8211; PCI DSS Livello 1 &#8211; il pi\u00f9 alto standard di sicurezza del settore delle carte di pagamento. Quando paghi con le carte incluse nel programma 3-D Secure, oltre alla validit\u00e0 della carta stessa, la tua banca conferma anche la tua identit\u00e0 tramite un token o una password.<\/p>\n\n\n\n<p>WSPay considera tutte le informazioni raccolte come segreto bancario e le tratta di conseguenza. Le informazioni sono utilizzate esclusivamente per gli scopi per i quali sono destinate. I tuoi dati sensibili sono completamente al sicuro, e la loro privacy \u00e8 garantita dai pi\u00f9 moderni meccanismi di protezione. Vengono raccolti solo i dati necessari per l&#8217;esecuzione del lavoro in conformit\u00e0 con le procedure impegnative prescritte per il pagamento online.<\/p>\n\n\n\n<p>I controlli di sicurezza e le procedure operative applicate alla nostra infrastruttura garantiscono l&#8217;immediata affidabilit\u00e0 del sistema WSPay. Inoltre, mantenendo un rigoroso controllo degli accessi, un regolare monitoraggio della sicurezza e controlli approfonditi per prevenire le vulnerabilit\u00e0 della rete e l&#8217;attuazione pianificata delle disposizioni sulla sicurezza delle informazioni, mantengono e migliorano permanentemente il livello di sicurezza del sistema proteggendo i dati della tua carta.<\/p>\n\n\n\n<p>L&#8217;accesso e l&#8217;uso di questi siti Web e l&#8217;Informativa sulla privacy sono regolati dalla legge della Repubblica di Croazia e, in caso di controversia, i tribunali croati sono le uniche autorit\u00e0 competenti.<\/p>\n\n\n\n<p>Questa informativa sulla privacy e sulla sicurezza dei pagamenti online si applica a partire dal 25 maggio 2018.<\/p>\n\n\n\n<p>CEL.MAR.MEDIA d.o.o.<\/p>\n","protected":false},"excerpt":{"rendered":"<p>Ai sensi del Regolamento (UE) 2016\/679 del Parlamento Europeo e del Consiglio, del 27 aprile 2016, relativo alla tutela delle persone fisiche con riguardo al trattamento dei dati personali, nonch\u00e9&#8230;<\/p>\n","protected":false},"author":1,"featured_media":0,"parent":0,"menu_order":0,"comment_status":"closed","ping_status":"open","template":"","meta":{"footnotes":""},"class_list":["post-852","page","type-page","status-publish","hentry"],"_links":{"self":[{"href":"https:\/\/www.celmar-media.com\/invictus\/it\/wp-json\/wp\/v2\/pages\/852","targetHints":{"allow":["GET"]}}],"collection":[{"href":"https:\/\/www.celmar-media.com\/invictus\/it\/wp-json\/wp\/v2\/pages"}],"about":[{"href":"https:\/\/www.celmar-media.com\/invictus\/it\/wp-json\/wp\/v2\/types\/page"}],"author":[{"embeddable":true,"href":"https:\/\/www.celmar-media.com\/invictus\/it\/wp-json\/wp\/v2\/users\/1"}],"replies":[{"embeddable":true,"href":"https:\/\/www.celmar-media.com\/invictus\/it\/wp-json\/wp\/v2\/comments?post=852"}],"version-history":[{"count":1,"href":"https:\/\/www.celmar-media.com\/invictus\/it\/wp-json\/wp\/v2\/pages\/852\/revisions"}],"predecessor-version":[{"id":853,"href":"https:\/\/www.celmar-media.com\/invictus\/it\/wp-json\/wp\/v2\/pages\/852\/revisions\/853"}],"wp:attachment":[{"href":"https:\/\/www.celmar-media.com\/invictus\/it\/wp-json\/wp\/v2\/media?parent=852"}],"curies":[{"name":"wp","href":"https:\/\/api.w.org\/{rel}","templated":true}]}}